{"id":1509,"date":"2020-05-15T12:18:20","date_gmt":"2020-05-15T12:18:20","guid":{"rendered":"https:\/\/test.flygandemattan.se\/?page_id=1509"},"modified":"2020-10-19T17:41:02","modified_gmt":"2020-10-19T17:41:02","slug":"inskolningsprocess","status":"publish","type":"page","link":"https:\/\/forskolanflygandemattan.se\/?page_id=1509","title":{"rendered":"Inskolningsprocess"},"content":{"rendered":"\t\t<div data-elementor-type=\"wp-page\" data-elementor-id=\"1509\" class=\"elementor elementor-1509\">\n\t\t\t\t\t\t<div class=\"elementor-inner\">\n\t\t\t\t<div class=\"elementor-section-wrap\">\n\t\t\t\t\t\t\t\t\t<section class=\"elementor-section elementor-top-section elementor-element elementor-element-7e8d4da elementor-section-stretched elementor-section-boxed elementor-section-height-default elementor-section-height-default elementor-invisible\" data-id=\"7e8d4da\" data-element_type=\"section\" data-settings=\"{&quot;stretch_section&quot;:&quot;section-stretched&quot;,&quot;background_background&quot;:&quot;slideshow&quot;,&quot;animation&quot;:&quot;fadeIn&quot;,&quot;background_slideshow_gallery&quot;:[{&quot;id&quot;:1743,&quot;url&quot;:&quot;https:\\\/\\\/forskolanflygandemattan.se\\\/wp-content\\\/uploads\\\/2020\\\/09\\\/tina-floersch-CcbnSarTldQ-unsplash-scaled.jpg&quot;},{&quot;id&quot;:1204,&quot;url&quot;:&quot;https:\\\/\\\/forskolanflygandemattan.se\\\/wp-content\\\/uploads\\\/2020\\\/03\\\/la-rel-easter-KuCGlBXjH_o-unsplash-scaled.jpg&quot;},{&quot;id&quot;:1741,&quot;url&quot;:&quot;https:\\\/\\\/forskolanflygandemattan.se\\\/wp-content\\\/uploads\\\/2020\\\/09\\\/markus-spiske-nvKQ1kxheRc-unsplash-scaled.jpg&quot;}],&quot;background_slideshow_loop&quot;:&quot;yes&quot;,&quot;background_slideshow_slide_duration&quot;:5000,&quot;background_slideshow_slide_transition&quot;:&quot;fade&quot;,&quot;background_slideshow_transition_duration&quot;:500}\">\n\t\t\t\t\t\t\t<div class=\"elementor-background-overlay\"><\/div>\n\t\t\t\t\t\t\t<div class=\"elementor-container elementor-column-gap-default\">\n\t\t\t\t\t\t\t<div class=\"elementor-row\">\n\t\t\t\t\t<div class=\"elementor-column elementor-col-100 elementor-top-column elementor-element elementor-element-5a0c33b\" data-id=\"5a0c33b\" data-element_type=\"column\">\n\t\t\t<div class=\"elementor-column-wrap elementor-element-populated\">\n\t\t\t\t\t\t\t<div class=\"elementor-widget-wrap\">\n\t\t\t\t\t\t<div class=\"elementor-element elementor-element-39c5363 elementor-widget elementor-widget-heading\" data-id=\"39c5363\" data-element_type=\"widget\" data-widget_type=\"heading.default\">\n\t\t\t\t<div class=\"elementor-widget-container\">\n\t\t\t<h2 class=\"elementor-heading-title elementor-size-default\">Inskolningsprocess<\/h2>\t\t<\/div>\n\t\t\t\t<\/div>\n\t\t\t\t\t\t<\/div>\n\t\t\t\t\t<\/div>\n\t\t<\/div>\n\t\t\t\t\t\t\t\t<\/div>\n\t\t\t\t\t<\/div>\n\t\t<\/section>\n\t\t\t\t<section class=\"elementor-section elementor-top-section elementor-element elementor-element-2badba2 elementor-section-boxed elementor-section-height-default elementor-section-height-default\" data-id=\"2badba2\" data-element_type=\"section\">\n\t\t\t\t\t\t<div class=\"elementor-container elementor-column-gap-default\">\n\t\t\t\t\t\t\t<div class=\"elementor-row\">\n\t\t\t\t\t<div class=\"elementor-column elementor-col-100 elementor-top-column elementor-element elementor-element-913126e\" data-id=\"913126e\" data-element_type=\"column\">\n\t\t\t<div class=\"elementor-column-wrap elementor-element-populated\">\n\t\t\t\t\t\t\t<div class=\"elementor-widget-wrap\">\n\t\t\t\t\t\t<div class=\"elementor-element elementor-element-b5fbfc1 elementor-widget elementor-widget-spacer\" data-id=\"b5fbfc1\" data-element_type=\"widget\" data-widget_type=\"spacer.default\">\n\t\t\t\t<div class=\"elementor-widget-container\">\n\t\t\t\t\t<div class=\"elementor-spacer\">\n\t\t\t<div class=\"elementor-spacer-inner\"><\/div>\n\t\t<\/div>\n\t\t\t\t<\/div>\n\t\t\t\t<\/div>\n\t\t\t\t\t\t<\/div>\n\t\t\t\t\t<\/div>\n\t\t<\/div>\n\t\t\t\t\t\t\t\t<\/div>\n\t\t\t\t\t<\/div>\n\t\t<\/section>\n\t\t\t\t<section class=\"elementor-section elementor-top-section elementor-element elementor-element-ca6986a elementor-section-boxed elementor-section-height-default elementor-section-height-default\" data-id=\"ca6986a\" data-element_type=\"section\">\n\t\t\t\t\t\t<div class=\"elementor-container elementor-column-gap-default\">\n\t\t\t\t\t\t\t<div class=\"elementor-row\">\n\t\t\t\t\t<div class=\"elementor-column elementor-col-25 elementor-top-column elementor-element elementor-element-8bc0756\" data-id=\"8bc0756\" data-element_type=\"column\">\n\t\t\t<div class=\"elementor-column-wrap\">\n\t\t\t\t\t\t\t<div class=\"elementor-widget-wrap\">\n\t\t\t\t\t\t\t\t<\/div>\n\t\t\t\t\t<\/div>\n\t\t<\/div>\n\t\t\t\t<div class=\"elementor-column elementor-col-25 elementor-top-column elementor-element elementor-element-19ab6eb elementor-invisible\" data-id=\"19ab6eb\" data-element_type=\"column\" data-settings=\"{&quot;animation&quot;:&quot;bounceInUp&quot;,&quot;animation_delay&quot;:100}\">\n\t\t\t<div class=\"elementor-column-wrap elementor-element-populated\">\n\t\t\t\t\t\t\t<div class=\"elementor-widget-wrap\">\n\t\t\t\t\t\t<div class=\"elementor-element elementor-element-e54abee elementor-widget elementor-widget-menu-anchor\" data-id=\"e54abee\" data-element_type=\"widget\" data-widget_type=\"menu-anchor.default\">\n\t\t\t\t<div class=\"elementor-widget-container\">\n\t\t\t\t\t<div id=\"Inskolning\" class=\"elementor-menu-anchor\"><\/div>\n\t\t\t\t<\/div>\n\t\t\t\t<\/div>\n\t\t\t\t<div class=\"elementor-element elementor-element-200badb elementor-widget elementor-widget-image\" data-id=\"200badb\" data-element_type=\"widget\" data-widget_type=\"image.default\">\n\t\t\t\t<div class=\"elementor-widget-container\">\n\t\t\t\t\t\t\t\t<div class=\"elementor-image\">\n\t\t\t\t\t\t\t\t\t\t\t\t<img width=\"888\" height=\"934\" src=\"https:\/\/forskolanflygandemattan.se\/wp-content\/uploads\/2020\/02\/Familj_FM.png\" class=\"attachment-large size-large\" alt=\"\" loading=\"lazy\" srcset=\"https:\/\/forskolanflygandemattan.se\/wp-content\/uploads\/2020\/02\/Familj_FM.png 888w, https:\/\/forskolanflygandemattan.se\/wp-content\/uploads\/2020\/02\/Familj_FM-285x300.png 285w, https:\/\/forskolanflygandemattan.se\/wp-content\/uploads\/2020\/02\/Familj_FM-768x808.png 768w\" sizes=\"(max-width: 888px) 100vw, 888px\" \/>\t\t\t\t\t\t\t\t\t\t\t\t\t\t<\/div>\n\t\t\t\t\t\t<\/div>\n\t\t\t\t<\/div>\n\t\t\t\t\t\t<\/div>\n\t\t\t\t\t<\/div>\n\t\t<\/div>\n\t\t\t\t<div class=\"elementor-column elementor-col-25 elementor-top-column elementor-element elementor-element-d593942 elementor-invisible\" data-id=\"d593942\" data-element_type=\"column\" data-settings=\"{&quot;animation&quot;:&quot;bounceInUp&quot;,&quot;animation_delay&quot;:60}\">\n\t\t\t<div class=\"elementor-column-wrap elementor-element-populated\">\n\t\t\t\t\t\t\t<div class=\"elementor-widget-wrap\">\n\t\t\t\t\t\t<div class=\"elementor-element elementor-element-f646b87 elementor-widget elementor-widget-text-editor\" data-id=\"f646b87\" data-element_type=\"widget\" data-widget_type=\"text-editor.default\">\n\t\t\t\t<div class=\"elementor-widget-container\">\n\t\t\t\t\t\t\t\t<div class=\"elementor-text-editor elementor-clearfix\">\n\t\t\t\t<p>Inskolningsprocessen startar med att alla nya f\u00f6r\u00e4ldrar blir inbjudna till ett gemensamt informationsm\u00f6te. Ni f\u00e5r hem ett brev och mejl om detta inf\u00f6r er inskolning.<\/p><p>Barnets inskolningsvecka b\u00f6rjar, oftast p\u00e5 en m\u00e5ndag. Inskolningstider \u00e4r i Huddinge kommun fr\u00e5n kl.9 till ca kl. 14, och i Haninge fr\u00e5n kl.9 till ca kl.15. Tiderna kan komma att kortas ner efter ert barns behov.\u00a0<\/p><p>Vi tar varje steg i ert barns takt f\u00f6r hens trygghet och f\u00f6rtroende.<br \/>Inskolningen kommer att p\u00e5g\u00e5 ca en vecka. Som f\u00f6r\u00e4ldrar deltar ni aktivt med ert barn i den dagliga verksamheten alla dagar. Som f\u00f6r\u00e4lder \u00e4r du fortfarande ansvarig f\u00f6r ditt barn under inskolningen tills barnet k\u00e4nner sig tryggt med sin pedagog. Sj\u00e4lvfallet \u00e4r pedagogerna med er i hela processen f\u00f6r att skapa en relation till ert barn samt er. Under denna vecka f\u00e5r ni en inblick i verksamheten, tar del av n\u00f6dv\u00e4ndig information samt l\u00e4ra k\u00e4nna barn och pedagoger.<br \/>I st\u00f6rsta m\u00f6jliga m\u00e5n kommer verksamheten att p\u00e5g\u00e5 som vanligt f\u00f6r att ge dig som f\u00f6r\u00e4lder en inblick i hur vardagen p\u00e5 f\u00f6rskolan ser ut f\u00f6r ditt barn..\u00a0<\/p><p>Under den f\u00f6rsta tiden av inskolningen kommer vi pedagoger att g\u00f6ra allt f\u00f6r att ditt barn ska trivas med oss. Vi kommer att leka med ditt barn och skapa kontakt, f\u00f6r att s\u00e5 fort som m\u00f6jligt f\u00e5 hen att trivas och knyta an till sin nya milj\u00f6. <br \/>Ansvarig pedagog och f\u00f6r\u00e4lder har en dialog om n\u00e4r kontakten mellan mig och ditt barn \u00e4r tillr\u00e4ckligt stark f\u00f6r att du ska kunna g\u00e5 ifr\u00e5n. Det \u00e4r dock viktigt att du den f\u00f6rsta tv\u00e5 veckorna alltid \u00e4r n\u00e5bar per telefon.<\/p><p>Vi \u00e4r nyfikna och intresserade av ditt barn s\u00e5 ber\u00e4tta mer \u00e4n g\u00e4rna det som k\u00e4nns viktigt f\u00f6r dig att vi vet.\u00a0<\/p><p>T\u00e4nk p\u00e5 att f\u00f6rskolan \u00e4r n\u00e5got nytt som h\u00e4nder f\u00f6r ert barn, med nya vuxna, barn och milj\u00f6, det \u00e4r mycket intryck och mycket intryck som bearbetas vilket kan g\u00f6ra ert barn tr\u00f6ttare p\u00e5 em\/kv\u00e4llen. D\u00e4rf\u00f6r kan de vara sk\u00f6nare f\u00f6r ert barn att ha kortare dagar under de f\u00f6rsta veckorna, om ni har m\u00f6jlighet.\u00a0<\/p><p>Drygt en m\u00e5nad efter inskolningsdagen, bjuder ansvarig pedagog er p\u00e5 uppf\u00f6ljningssamtal d\u00e4r ni som f\u00f6r\u00e4ldrar f\u00e5r svara p\u00e5 en del fr\u00e5gor och tycka till om ni upplevt att inskolningen har varit\/p\u00e5verkat er och ert barn.<\/p>\t\t\t\t\t<\/div>\n\t\t\t\t\t\t<\/div>\n\t\t\t\t<\/div>\n\t\t\t\t\t\t<\/div>\n\t\t\t\t\t<\/div>\n\t\t<\/div>\n\t\t\t\t<div class=\"elementor-column elementor-col-25 elementor-top-column elementor-element elementor-element-cd198a4\" data-id=\"cd198a4\" data-element_type=\"column\">\n\t\t\t<div class=\"elementor-column-wrap\">\n\t\t\t\t\t\t\t<div class=\"elementor-widget-wrap\">\n\t\t\t\t\t\t\t\t<\/div>\n\t\t\t\t\t<\/div>\n\t\t<\/div>\n\t\t\t\t\t\t\t\t<\/div>\n\t\t\t\t\t<\/div>\n\t\t<\/section>\n\t\t\t\t<section class=\"elementor-section elementor-top-section elementor-element elementor-element-e78424a elementor-section-stretched elementor-section-content-middle elementor-section-boxed elementor-section-height-default elementor-section-height-default elementor-invisible\" data-id=\"e78424a\" data-element_type=\"section\" data-settings=\"{&quot;stretch_section&quot;:&quot;section-stretched&quot;,&quot;background_background&quot;:&quot;classic&quot;,&quot;animation&quot;:&quot;bounceInUp&quot;,&quot;animation_delay&quot;:230}\">\n\t\t\t\t\t\t\t<div class=\"elementor-background-overlay\"><\/div>\n\t\t\t\t\t\t\t<div class=\"elementor-container elementor-column-gap-default\">\n\t\t\t\t\t\t\t<div class=\"elementor-row\">\n\t\t\t\t\t<div class=\"elementor-column elementor-col-50 elementor-top-column elementor-element elementor-element-97aa536\" data-id=\"97aa536\" data-element_type=\"column\">\n\t\t\t<div class=\"elementor-column-wrap elementor-element-populated\">\n\t\t\t\t\t\t\t<div class=\"elementor-widget-wrap\">\n\t\t\t\t\t\t<div class=\"elementor-element elementor-element-4981967 elementor-widget elementor-widget-heading\" data-id=\"4981967\" data-element_type=\"widget\" data-widget_type=\"heading.default\">\n\t\t\t\t<div class=\"elementor-widget-container\">\n\t\t\t<h3 class=\"elementor-heading-title elementor-size-default\">N\u00e5got du funderar p\u00e5?<\/h3>\t\t<\/div>\n\t\t\t\t<\/div>\n\t\t\t\t<div class=\"elementor-element elementor-element-73da775 elementor-widget elementor-widget-heading\" data-id=\"73da775\" data-element_type=\"widget\" data-widget_type=\"heading.default\">\n\t\t\t\t<div class=\"elementor-widget-container\">\n\t\t\t<p class=\"elementor-heading-title elementor-size-default\">Tveka absolut inte att h\u00f6ra av till oss genom att klicka p\u00e5 knappen!<\/p>\t\t<\/div>\n\t\t\t\t<\/div>\n\t\t\t\t\t\t<\/div>\n\t\t\t\t\t<\/div>\n\t\t<\/div>\n\t\t\t\t<div class=\"elementor-column elementor-col-50 elementor-top-column elementor-element elementor-element-1388b05\" data-id=\"1388b05\" data-element_type=\"column\">\n\t\t\t<div class=\"elementor-column-wrap elementor-element-populated\">\n\t\t\t\t\t\t\t<div class=\"elementor-widget-wrap\">\n\t\t\t\t\t\t<div class=\"elementor-element elementor-element-caf7395 elementor-button-info elementor-align-right elementor-tablet-align-right elementor-mobile-align-center elementor-widget elementor-widget-button\" data-id=\"caf7395\" data-element_type=\"widget\" data-widget_type=\"button.default\">\n\t\t\t\t<div class=\"elementor-widget-container\">\n\t\t\t\t\t<div class=\"elementor-button-wrapper\">\n\t\t\t<a href=\"https:\/\/forskolanflygandemattan.se\/?page_id=25\" class=\"elementor-button-link elementor-button elementor-size-sm\" role=\"button\">\n\t\t\t\t\t\t<span class=\"elementor-button-content-wrapper\">\n\t\t\t\t\t\t<span class=\"elementor-button-text\">Kontakta Oss<\/span>\n\t\t<\/span>\n\t\t\t\t\t<\/a>\n\t\t<\/div>\n\t\t\t\t<\/div>\n\t\t\t\t<\/div>\n\t\t\t\t\t\t<\/div>\n\t\t\t\t\t<\/div>\n\t\t<\/div>\n\t\t\t\t\t\t\t\t<\/div>\n\t\t\t\t\t<\/div>\n\t\t<\/section>\n\t\t\t\t\t\t\t\t\t<\/div>\n\t\t\t<\/div>\n\t\t\t\t\t<\/div>\n\t\t","protected":false},"excerpt":{"rendered":"<p>Inskolningsprocess Inskolningsprocessen startar med att alla nya f\u00f6r\u00e4ldrar blir inbjudna till ett gemensamt informationsm\u00f6te. Ni f\u00e5r hem ett brev och mejl om detta inf\u00f6r er inskolning. Barnets inskolningsvecka b\u00f6rjar, oftast p\u00e5 en m\u00e5ndag. Inskolningstider \u00e4r i Huddinge kommun fr\u00e5n kl.9 till ca kl. 14, och i Haninge fr\u00e5n kl.9 till ca kl.15. Tiderna kan komma &hellip;<\/p>\n<p class=\"read-more\"> <a class=\"\" href=\"https:\/\/forskolanflygandemattan.se\/?page_id=1509\"> <span class=\"screen-reader-text\">Inskolningsprocess<\/span> Read More &raquo;<\/a><\/p>\n","protected":false},"author":1,"featured_media":0,"parent":0,"menu_order":0,"comment_status":"closed","ping_status":"closed","template":"","meta":{"site-sidebar-layout":"no-sidebar","site-content-layout":"page-builder","ast-main-header-display":"","ast-hfb-above-header-display":"","ast-hfb-below-header-display":"","ast-hfb-mobile-header-display":"","site-post-title":"disabled","ast-breadcrumbs-content":"","ast-featured-img":"disabled","footer-sml-layout":"","theme-transparent-header-meta":"default","adv-header-id-meta":"","stick-header-meta":"","header-above-stick-meta":"","header-main-stick-meta":"","header-below-stick-meta":""},"_links":{"self":[{"href":"https:\/\/forskolanflygandemattan.se\/index.php?rest_route=\/wp\/v2\/pages\/1509"}],"collection":[{"href":"https:\/\/forskolanflygandemattan.se\/index.php?rest_route=\/wp\/v2\/pages"}],"about":[{"href":"https:\/\/forskolanflygandemattan.se\/index.php?rest_route=\/wp\/v2\/types\/page"}],"author":[{"embeddable":true,"href":"https:\/\/forskolanflygandemattan.se\/index.php?rest_route=\/wp\/v2\/users\/1"}],"replies":[{"embeddable":true,"href":"https:\/\/forskolanflygandemattan.se\/index.php?rest_route=%2Fwp%2Fv2%2Fcomments&post=1509"}],"version-history":[{"count":15,"href":"https:\/\/forskolanflygandemattan.se\/index.php?rest_route=\/wp\/v2\/pages\/1509\/revisions"}],"predecessor-version":[{"id":1837,"href":"https:\/\/forskolanflygandemattan.se\/index.php?rest_route=\/wp\/v2\/pages\/1509\/revisions\/1837"}],"wp:attachment":[{"href":"https:\/\/forskolanflygandemattan.se\/index.php?rest_route=%2Fwp%2Fv2%2Fmedia&parent=1509"}],"curies":[{"name":"wp","href":"https:\/\/api.w.org\/{rel}","templated":true}]}}