{"id":1502,"date":"2020-05-15T12:11:39","date_gmt":"2020-05-15T12:11:39","guid":{"rendered":"https:\/\/test.flygandemattan.se\/?page_id=1502"},"modified":"2020-10-19T17:43:09","modified_gmt":"2020-10-19T17:43:09","slug":"sa-har-jobbar-vi","status":"publish","type":"page","link":"https:\/\/forskolanflygandemattan.se\/?page_id=1502","title":{"rendered":"S\u00e5 h\u00e4r arbetar vi"},"content":{"rendered":"\t\t<div data-elementor-type=\"wp-page\" data-elementor-id=\"1502\" class=\"elementor elementor-1502\">\n\t\t\t\t\t\t<div class=\"elementor-inner\">\n\t\t\t\t<div class=\"elementor-section-wrap\">\n\t\t\t\t\t\t\t\t\t<section class=\"elementor-section elementor-top-section elementor-element elementor-element-b322c32 elementor-section-stretched elementor-section-boxed elementor-section-height-default elementor-section-height-default elementor-invisible\" data-id=\"b322c32\" data-element_type=\"section\" data-settings=\"{&quot;stretch_section&quot;:&quot;section-stretched&quot;,&quot;background_background&quot;:&quot;slideshow&quot;,&quot;animation&quot;:&quot;fadeIn&quot;,&quot;background_slideshow_gallery&quot;:[{&quot;id&quot;:1202,&quot;url&quot;:&quot;https:\\\/\\\/forskolanflygandemattan.se\\\/wp-content\\\/uploads\\\/2020\\\/03\\\/stephen-andrews-u0zTce7KNlY-unsplash-scaled.jpg&quot;},{&quot;id&quot;:1203,&quot;url&quot;:&quot;https:\\\/\\\/forskolanflygandemattan.se\\\/wp-content\\\/uploads\\\/2020\\\/03\\\/bbc-creative-1w20Cysy1cg-unsplash-scaled.jpg&quot;},{&quot;id&quot;:1204,&quot;url&quot;:&quot;https:\\\/\\\/forskolanflygandemattan.se\\\/wp-content\\\/uploads\\\/2020\\\/03\\\/la-rel-easter-KuCGlBXjH_o-unsplash-scaled.jpg&quot;},{&quot;id&quot;:1011,&quot;url&quot;:&quot;https:\\\/\\\/forskolanflygandemattan.se\\\/wp-content\\\/uploads\\\/2019\\\/12\\\/gautam-arora-OVDtgUhUPBY-unsplash.jpg&quot;}],&quot;background_slideshow_loop&quot;:&quot;yes&quot;,&quot;background_slideshow_slide_duration&quot;:5000,&quot;background_slideshow_slide_transition&quot;:&quot;fade&quot;,&quot;background_slideshow_transition_duration&quot;:500}\">\n\t\t\t\t\t\t\t<div class=\"elementor-background-overlay\"><\/div>\n\t\t\t\t\t\t\t<div class=\"elementor-container elementor-column-gap-default\">\n\t\t\t\t\t\t\t<div class=\"elementor-row\">\n\t\t\t\t\t<div class=\"elementor-column elementor-col-100 elementor-top-column elementor-element elementor-element-3b47bff\" data-id=\"3b47bff\" data-element_type=\"column\">\n\t\t\t<div class=\"elementor-column-wrap elementor-element-populated\">\n\t\t\t\t\t\t\t<div class=\"elementor-widget-wrap\">\n\t\t\t\t\t\t<div class=\"elementor-element elementor-element-4849292 elementor-widget elementor-widget-heading\" data-id=\"4849292\" data-element_type=\"widget\" data-widget_type=\"heading.default\">\n\t\t\t\t<div class=\"elementor-widget-container\">\n\t\t\t<h2 class=\"elementor-heading-title elementor-size-default\">S\u00e5 h\u00e4r arbetar vi<\/h2>\t\t<\/div>\n\t\t\t\t<\/div>\n\t\t\t\t\t\t<\/div>\n\t\t\t\t\t<\/div>\n\t\t<\/div>\n\t\t\t\t\t\t\t\t<\/div>\n\t\t\t\t\t<\/div>\n\t\t<\/section>\n\t\t\t\t<section class=\"elementor-section elementor-top-section elementor-element elementor-element-e62df15 elementor-section-boxed elementor-section-height-default elementor-section-height-default\" data-id=\"e62df15\" data-element_type=\"section\">\n\t\t\t\t\t\t<div class=\"elementor-container elementor-column-gap-default\">\n\t\t\t\t\t\t\t<div class=\"elementor-row\">\n\t\t\t\t\t<div class=\"elementor-column elementor-col-100 elementor-top-column elementor-element elementor-element-6571e34\" data-id=\"6571e34\" data-element_type=\"column\">\n\t\t\t<div class=\"elementor-column-wrap elementor-element-populated\">\n\t\t\t\t\t\t\t<div class=\"elementor-widget-wrap\">\n\t\t\t\t\t\t<div class=\"elementor-element elementor-element-1237dd1 elementor-widget elementor-widget-spacer\" data-id=\"1237dd1\" data-element_type=\"widget\" data-widget_type=\"spacer.default\">\n\t\t\t\t<div class=\"elementor-widget-container\">\n\t\t\t\t\t<div class=\"elementor-spacer\">\n\t\t\t<div class=\"elementor-spacer-inner\"><\/div>\n\t\t<\/div>\n\t\t\t\t<\/div>\n\t\t\t\t<\/div>\n\t\t\t\t<div class=\"elementor-element elementor-element-fd77daf elementor-widget elementor-widget-text-editor\" data-id=\"fd77daf\" data-element_type=\"widget\" data-widget_type=\"text-editor.default\">\n\t\t\t\t<div class=\"elementor-widget-container\">\n\t\t\t\t\t\t\t\t<div class=\"elementor-text-editor elementor-clearfix\">\n\t\t\t\t<p>En stark verksamhet ska vila p\u00e5 en stark gemensam v\u00e4rdegrund, p\u00e5 Flygande mattan kallar vi det f\u00f6r v\u00e5rt <i>v\u00e4rdegrunds tr\u00e4d<\/i>. <br \/>Att v\u00e4rna om allas lika v\u00e4rde, respekt f\u00f6r allting levande, hur vi lever tillsammans i harmoni, att alla har r\u00e4tt till sin egen \u00e5sikt och <br \/>att uttrycka den med h\u00e4nsyn till andra \u00e4r den v\u00e4rdegrund allt vi g\u00f6r utg\u00e5r ifr\u00e5n. En gemensam v\u00e4rdegrund p\u00e5 Flygande mattans f\u00f6rskolor \u00e4r sj\u00e4lva rotsystemet i det tr\u00e4d av v\u00e5ra fem viktigaste omr\u00e5den. Dessa fem bildar en helhet av de begrepp som ska genomsyra all undervisning och utbildning i Flygande mattans f\u00f6rskolor.<br \/>F\u00f6rskolans l\u00e4roplan, Lpf\u00f6 18 och Barnkonventionen ligger till grund f\u00f6r v\u00e5rt gemensamma v\u00e4rdegrundsarbete. Ut\u00f6ver det <br \/>ligger Islam, barns inflytande, IKT (Information kommunikation och teknik) samt utomhus\/milj\u00f6 pedagogik som v\u00e4rdegrund f\u00f6r <br \/>alla v\u00e5ra f\u00f6rskolor.<\/p>\t\t\t\t\t<\/div>\n\t\t\t\t\t\t<\/div>\n\t\t\t\t<\/div>\n\t\t\t\t\t\t<\/div>\n\t\t\t\t\t<\/div>\n\t\t<\/div>\n\t\t\t\t\t\t\t\t<\/div>\n\t\t\t\t\t<\/div>\n\t\t<\/section>\n\t\t\t\t\t\t\t\t\t<\/div>\n\t\t\t<\/div>\n\t\t\t\t\t<\/div>\n\t\t","protected":false},"excerpt":{"rendered":"<p>S\u00e5 h\u00e4r arbetar vi En stark verksamhet ska vila p\u00e5 en stark gemensam v\u00e4rdegrund, p\u00e5 Flygande mattan kallar vi det f\u00f6r v\u00e5rt v\u00e4rdegrunds tr\u00e4d. Att v\u00e4rna om allas lika v\u00e4rde, respekt f\u00f6r allting levande, hur vi lever tillsammans i harmoni, att alla har r\u00e4tt till sin egen \u00e5sikt och att uttrycka den med h\u00e4nsyn till &hellip;<\/p>\n<p class=\"read-more\"> <a class=\"\" href=\"https:\/\/forskolanflygandemattan.se\/?page_id=1502\"> <span class=\"screen-reader-text\">S\u00e5 h\u00e4r arbetar vi<\/span> Read More &raquo;<\/a><\/p>\n","protected":false},"author":1,"featured_media":0,"parent":0,"menu_order":0,"comment_status":"closed","ping_status":"closed","template":"","meta":{"site-sidebar-layout":"no-sidebar","site-content-layout":"page-builder","ast-main-header-display":"","ast-hfb-above-header-display":"","ast-hfb-below-header-display":"","ast-hfb-mobile-header-display":"","site-post-title":"disabled","ast-breadcrumbs-content":"","ast-featured-img":"disabled","footer-sml-layout":"","theme-transparent-header-meta":"default","adv-header-id-meta":"","stick-header-meta":"","header-above-stick-meta":"","header-main-stick-meta":"","header-below-stick-meta":""},"_links":{"self":[{"href":"https:\/\/forskolanflygandemattan.se\/index.php?rest_route=\/wp\/v2\/pages\/1502"}],"collection":[{"href":"https:\/\/forskolanflygandemattan.se\/index.php?rest_route=\/wp\/v2\/pages"}],"about":[{"href":"https:\/\/forskolanflygandemattan.se\/index.php?rest_route=\/wp\/v2\/types\/page"}],"author":[{"embeddable":true,"href":"https:\/\/forskolanflygandemattan.se\/index.php?rest_route=\/wp\/v2\/users\/1"}],"replies":[{"embeddable":true,"href":"https:\/\/forskolanflygandemattan.se\/index.php?rest_route=%2Fwp%2Fv2%2Fcomments&post=1502"}],"version-history":[{"count":9,"href":"https:\/\/forskolanflygandemattan.se\/index.php?rest_route=\/wp\/v2\/pages\/1502\/revisions"}],"predecessor-version":[{"id":1839,"href":"https:\/\/forskolanflygandemattan.se\/index.php?rest_route=\/wp\/v2\/pages\/1502\/revisions\/1839"}],"wp:attachment":[{"href":"https:\/\/forskolanflygandemattan.se\/index.php?rest_route=%2Fwp%2Fv2%2Fmedia&parent=1502"}],"curies":[{"name":"wp","href":"https:\/\/api.w.org\/{rel}","templated":true}]}}