{"id":1144,"date":"2020-02-19T19:23:07","date_gmt":"2020-02-19T19:23:07","guid":{"rendered":"https:\/\/test.flygandemattan.se\/?page_id=1144"},"modified":"2023-02-08T10:22:47","modified_gmt":"2023-02-08T09:22:47","slug":"lediga-tjanster","status":"publish","type":"page","link":"https:\/\/forskolanflygandemattan.se\/?page_id=1144","title":{"rendered":"Lediga tj\u00e4nster"},"content":{"rendered":"\t\t<div data-elementor-type=\"wp-page\" data-elementor-id=\"1144\" class=\"elementor elementor-1144\">\n\t\t\t\t\t\t<div class=\"elementor-inner\">\n\t\t\t\t<div class=\"elementor-section-wrap\">\n\t\t\t\t\t\t\t\t\t<section class=\"elementor-section elementor-top-section elementor-element elementor-element-8275782 elementor-section-boxed elementor-section-height-default elementor-section-height-default\" data-id=\"8275782\" data-element_type=\"section\">\n\t\t\t\t\t\t<div class=\"elementor-container elementor-column-gap-default\">\n\t\t\t\t\t\t\t<div class=\"elementor-row\">\n\t\t\t\t\t<div class=\"elementor-column elementor-col-100 elementor-top-column elementor-element elementor-element-4709179\" data-id=\"4709179\" data-element_type=\"column\">\n\t\t\t<div class=\"elementor-column-wrap elementor-element-populated\">\n\t\t\t\t\t\t\t<div class=\"elementor-widget-wrap\">\n\t\t\t\t\t\t<div class=\"elementor-element elementor-element-986edcb elementor-widget elementor-widget-spacer\" data-id=\"986edcb\" data-element_type=\"widget\" data-widget_type=\"spacer.default\">\n\t\t\t\t<div class=\"elementor-widget-container\">\n\t\t\t\t\t<div class=\"elementor-spacer\">\n\t\t\t<div class=\"elementor-spacer-inner\"><\/div>\n\t\t<\/div>\n\t\t\t\t<\/div>\n\t\t\t\t<\/div>\n\t\t\t\t\t\t<\/div>\n\t\t\t\t\t<\/div>\n\t\t<\/div>\n\t\t\t\t\t\t\t\t<\/div>\n\t\t\t\t\t<\/div>\n\t\t<\/section>\n\t\t\t\t<section class=\"elementor-section elementor-top-section elementor-element elementor-element-3e26dbc elementor-section-boxed elementor-section-height-default elementor-section-height-default\" data-id=\"3e26dbc\" data-element_type=\"section\">\n\t\t\t\t\t\t<div class=\"elementor-container elementor-column-gap-default\">\n\t\t\t\t\t\t\t<div class=\"elementor-row\">\n\t\t\t\t\t<div class=\"elementor-column elementor-col-33 elementor-top-column elementor-element elementor-element-3c09b53\" data-id=\"3c09b53\" data-element_type=\"column\">\n\t\t\t<div class=\"elementor-column-wrap\">\n\t\t\t\t\t\t\t<div class=\"elementor-widget-wrap\">\n\t\t\t\t\t\t\t\t<\/div>\n\t\t\t\t\t<\/div>\n\t\t<\/div>\n\t\t\t\t<div class=\"elementor-column elementor-col-33 elementor-top-column elementor-element elementor-element-78ec3cf\" data-id=\"78ec3cf\" data-element_type=\"column\">\n\t\t\t<div class=\"elementor-column-wrap elementor-element-populated\">\n\t\t\t\t\t\t\t<div class=\"elementor-widget-wrap\">\n\t\t\t\t\t\t<div class=\"elementor-element elementor-element-1b9d1d7 elementor-widget elementor-widget-heading\" data-id=\"1b9d1d7\" data-element_type=\"widget\" data-widget_type=\"heading.default\">\n\t\t\t\t<div class=\"elementor-widget-container\">\n\t\t\t<h3 class=\"elementor-heading-title elementor-size-default\">Lediga tj\u00e4nster<\/h3>\t\t<\/div>\n\t\t\t\t<\/div>\n\t\t\t\t\t\t<\/div>\n\t\t\t\t\t<\/div>\n\t\t<\/div>\n\t\t\t\t<div class=\"elementor-column elementor-col-33 elementor-top-column elementor-element elementor-element-de65353\" data-id=\"de65353\" data-element_type=\"column\">\n\t\t\t<div class=\"elementor-column-wrap\">\n\t\t\t\t\t\t\t<div class=\"elementor-widget-wrap\">\n\t\t\t\t\t\t\t\t<\/div>\n\t\t\t\t\t<\/div>\n\t\t<\/div>\n\t\t\t\t\t\t\t\t<\/div>\n\t\t\t\t\t<\/div>\n\t\t<\/section>\n\t\t\t\t<section class=\"elementor-section elementor-top-section elementor-element elementor-element-5d621d3 elementor-section-boxed elementor-section-height-default elementor-section-height-default\" data-id=\"5d621d3\" data-element_type=\"section\">\n\t\t\t\t\t\t<div class=\"elementor-container elementor-column-gap-default\">\n\t\t\t\t\t\t\t<div class=\"elementor-row\">\n\t\t\t\t\t<div class=\"elementor-column elementor-col-100 elementor-top-column elementor-element elementor-element-5802383\" data-id=\"5802383\" data-element_type=\"column\">\n\t\t\t<div class=\"elementor-column-wrap elementor-element-populated\">\n\t\t\t\t\t\t\t<div class=\"elementor-widget-wrap\">\n\t\t\t\t\t\t<div class=\"elementor-element elementor-element-4511068 elementor-widget elementor-widget-spacer\" data-id=\"4511068\" data-element_type=\"widget\" data-widget_type=\"spacer.default\">\n\t\t\t\t<div class=\"elementor-widget-container\">\n\t\t\t\t\t<div class=\"elementor-spacer\">\n\t\t\t<div class=\"elementor-spacer-inner\"><\/div>\n\t\t<\/div>\n\t\t\t\t<\/div>\n\t\t\t\t<\/div>\n\t\t\t\t<div class=\"elementor-element elementor-element-0bbcbcd elementor-widget elementor-widget-text-editor\" data-id=\"0bbcbcd\" data-element_type=\"widget\" data-widget_type=\"text-editor.default\">\n\t\t\t\t<div class=\"elementor-widget-container\">\n\t\t\t\t\t\t\t\t<div class=\"elementor-text-editor elementor-clearfix\">\n\t\t\t\t<h5>F\u00d6RSKOLL\u00c4RARE S\u00d6KES<\/h5><div><strong><span translate=\"section-jobb-main-content.extent\">Omfattning: <\/span><\/strong>Heltid\/deltid<\/div><div><span translate=\"section-jobb-main-content.duration\"><strong>Varaktighet:<\/strong> <\/span><span class=\"upper-fist\">Tillsvidare<\/span><\/div><div><p><strong><span translate=\"section-jobb-main-content.employment-type\">Anst\u00e4llningsform: <\/span><\/strong>Tillsvidare- eller tidsbegr\u00e4nsad anst\u00e4llning<br \/><strong>Arbetsplats:<\/strong> G\u00e4ller alla Flygande mattans f\u00f6rskolor, i Skog\u00e5s, Jordbro och Brandbergen<\/p><\/div><div class=\"section job-description\"><p>Vi s\u00f6ker dig som \u00e4r utbildad f\u00f6rskoll\u00e4rare till f\u00f6rskolorna Flygande mattan till v\u00e5ren 2023. <br \/>Vi s\u00f6ker erfaren f\u00f6rskoll\u00e4rare till barn i \u00e5ldern 1-6 \u00e5r. Hos oss \u00e4r det viktigt att Du \u00e4r \u00f6ppen f\u00f6r m\u00e5ngkultur och likheter\/olikheter.<\/p><h6><strong>ARBESTUPPGIFTER<\/strong><\/h6><p>Vi s\u00f6ker dig som \u00e4r legitimerad f\u00f6rskoll\u00e4rare och g\u00e4rna med n\u00e5gra \u00e5rs erfarenhet.<\/p><p>Tillsammans med dina kollegor skall du ansvar f\u00f6r att planera, genomf\u00f6ra, utv\u00e4rdera och utveckla barnens utbildning utifr\u00e5n Lpf\u00f618 p\u00e5 f\u00f6rskolan. Vi s\u00f6ker dig som tycker om att samarbeta med andra och ser kommunikation som en viktig del i arbetet med att n\u00e5 ett gott arbetsklimat p\u00e5 arbetsplatsen. Du har en god social kompetens och ett professionellt bem\u00f6tande av barn, v\u00e5rdnadshavare och kollegor. Du som s\u00f6ker \u00e4r driven, initiativtagare, ansvarsfull med ledaregenskaper, lekfull och samarbetsvillig. Du inspireras av barnens fr\u00e5gor, nyfikenhet och kreativitet. Du ser leken, den pedagogiska milj\u00f6n och l\u00e4randet som en viktig del i utbildningen och undervisningen.<\/p><p>F\u00f6r att trivas i rollen \u00e4r det viktigt att du f\u00e5r energi av att bidra till andras l\u00e4rande och du skapar f\u00f6ruts\u00e4ttningar f\u00f6r att l\u00e4rande ska kunna ske. Eftersom du arbetar t\u00e4tt ihop med kollegorna p\u00e5 enheten \u00e4r det viktigt att du har f\u00f6rm\u00e5ga att arbeta tillsammans med andra f\u00f6r att utf\u00f6ra uppgifter och n\u00e5 m\u00e5l. Du visar respekt och h\u00e4nsyn f\u00f6r dem du m\u00f6ter i din yrkesroll. Du utg\u00e5r ifr\u00e5n allas lika v\u00e4rde och skapar en god atmosf\u00e4r i m\u00f6tet.<\/p><\/div><h5 class=\"terms-heading\" translate=\"general.lon\"><strong>Om anst\u00e4llningen<\/strong><\/h5><p translate=\"general.lon\">L\u00f6netyp: Fast m\u00e5nads- vecko- eller timl\u00f6n<\/p><p>Enligt Skollagen ska utdrag ur polisens belastningsregister uppvisas av personer innan de anst\u00e4lls inom f\u00f6rskoleverksamhet, skola och skolbarnomsorg. Detta best\u00e4ller du p\u00e5 Polisens hemsida.<\/p><p><strong>ANS\u00d6KAN\u00a0<\/strong><br \/>Skicka din ans\u00f6kan, CV och personligt brev (i PDF-format) till: <em>rekrytering@forskolanflygandemattan.se.<\/em><\/p>\t\t\t\t\t<\/div>\n\t\t\t\t\t\t<\/div>\n\t\t\t\t<\/div>\n\t\t\t\t<div class=\"elementor-element elementor-element-f0acc02 elementor-widget-divider--view-line elementor-widget elementor-widget-divider\" data-id=\"f0acc02\" data-element_type=\"widget\" data-widget_type=\"divider.default\">\n\t\t\t\t<div class=\"elementor-widget-container\">\n\t\t\t\t\t<div class=\"elementor-divider\">\n\t\t\t<span class=\"elementor-divider-separator\">\n\t\t\t\t\t\t<\/span>\n\t\t<\/div>\n\t\t\t\t<\/div>\n\t\t\t\t<\/div>\n\t\t\t\t<div class=\"elementor-element elementor-element-ee465ba elementor-widget elementor-widget-text-editor\" data-id=\"ee465ba\" data-element_type=\"widget\" data-widget_type=\"text-editor.default\">\n\t\t\t\t<div class=\"elementor-widget-container\">\n\t\t\t\t\t\t\t\t<div class=\"elementor-text-editor elementor-clearfix\">\n\t\t\t\t<h4>BARNSK\u00d6TARE S\u00d6KES<\/h4><p><strong>Omfattning:<\/strong> Heltid\/deltid<br \/><strong>Varaktighet:<\/strong> Tillsvidare <br \/><strong>Anst\u00e4llningsform:<\/strong> Tillsvidare- eller tidsbegr\u00e4nsad anst\u00e4llning<br \/><strong>Arbetsplats:<\/strong> G\u00e4ller alla Flygande mattans f\u00f6rskolor, i Skog\u00e5s, Jordbro och Brandbergen<\/p><p>Vi s\u00f6ker dig som \u00e4r utbildad f\u00f6rskoll\u00e4rare till f\u00f6rskolorna Flygande mattan till v\u00e5ren 2023. <br \/>Vi s\u00f6ker erfaren f\u00f6rskoll\u00e4rare till barn i \u00e5ldern 1-6 \u00e5r. Hos oss \u00e4r det viktigt att Du \u00e4r \u00f6ppen f\u00f6r m\u00e5ngkultur och likheter\/olikheter.<\/p><p>Som barnsk\u00f6tare \u00e4r ditt uppdrag att medverka som en del i arbetslaget s\u00e5 att varje barn erbjuds en trygg omsorg samt fr\u00e4mjandet av alla barns utveckling och l\u00e4rande. Det inneb\u00e4r att du som barnsk\u00f6tare, med l\u00e4roplanen som grund, \u00e4r aktiv i arbetslagets planering, genomf\u00f6rande, dokumentation, utv\u00e4rdering och utveckling av verksamheten.<\/p><p>Ni arbetar tillsammans f\u00f6r att skapa en positiv, meningsfull och utvecklande milj\u00f6 d\u00e4r barns inflytande och delaktighet \u00e4r i fokus. I den dagliga kontakten med v\u00e5rdnadshavare utvecklar du en tillitsfull relation genom att vara engagerad, barnfokuserad och serviceinriktad.<\/p><p>Vi s\u00f6ker dig som \u00e4r utbildad barnsk\u00f6tare och \u00e4r v\u00e4l insatt i f\u00f6rskolans l\u00e4roplan. Det \u00e4r meriterande om du har erfarenhet av att arbeta i f\u00f6rskola.<\/p><p>F\u00f6r att trivas i rollen \u00e4r det viktigt att du f\u00e5r energi av att bidra till andras l\u00e4rande och du skapar f\u00f6ruts\u00e4ttningar f\u00f6r att l\u00e4rande ska kunna ske. Eftersom du arbetar t\u00e4tt ihop med kollegorna p\u00e5 enheten \u00e4r det viktigt att du har f\u00f6rm\u00e5ga att arbeta tillsammans med andra f\u00f6r att utf\u00f6ra uppgifter och n\u00e5 m\u00e5l. Du visar respekt och h\u00e4nsyn f\u00f6r dem du m\u00f6ter i din yrkesroll. Du utg\u00e5r ifr\u00e5n allas lika v\u00e4rde och skapar en god atmosf\u00e4r i m\u00f6tet.<\/p><p>Enligt Skollagen ska utdrag ur polisens belastningsregister uppvisas av personer innan de anst\u00e4lls inom f\u00f6rskoleverksamhet, skola och skolbarnomsorg. Detta best\u00e4ller du p\u00e5 Polisens hemsida.<\/p><h5 class=\"terms-heading\" translate=\"general.lon\"><strong>Om anst\u00e4llningen<\/strong><\/h5><p translate=\"general.lon\">L\u00f6netyp: Fast m\u00e5nads- vecko- eller timl\u00f6n<\/p><p><strong>ANS\u00d6KAN\u00a0<\/strong><br \/>Skicka din ans\u00f6kan, CV och personligt brev (i PDF-format) till: <em>rekrytering@forskolanflygandemattan.se.<\/em><\/p>\t\t\t\t\t<\/div>\n\t\t\t\t\t\t<\/div>\n\t\t\t\t<\/div>\n\t\t\t\t\t\t<\/div>\n\t\t\t\t\t<\/div>\n\t\t<\/div>\n\t\t\t\t\t\t\t\t<\/div>\n\t\t\t\t\t<\/div>\n\t\t<\/section>\n\t\t\t\t\t\t\t\t\t<\/div>\n\t\t\t<\/div>\n\t\t\t\t\t<\/div>\n\t\t","protected":false},"excerpt":{"rendered":"<p>Lediga tj\u00e4nster F\u00d6RSKOLL\u00c4RARE S\u00d6KES Omfattning: Heltid\/deltidVaraktighet: Tillsvidare Anst\u00e4llningsform: Tillsvidare- eller tidsbegr\u00e4nsad anst\u00e4llningArbetsplats: G\u00e4ller alla Flygande mattans f\u00f6rskolor, i Skog\u00e5s, Jordbro och Brandbergen Vi s\u00f6ker dig som \u00e4r utbildad f\u00f6rskoll\u00e4rare till f\u00f6rskolorna Flygande mattan till v\u00e5ren 2023. Vi s\u00f6ker erfaren f\u00f6rskoll\u00e4rare till barn i \u00e5ldern 1-6 \u00e5r. Hos oss \u00e4r det viktigt att Du \u00e4r \u00f6ppen &hellip;<\/p>\n<p class=\"read-more\"> <a class=\"\" href=\"https:\/\/forskolanflygandemattan.se\/?page_id=1144\"> <span class=\"screen-reader-text\">Lediga tj\u00e4nster<\/span> Read More &raquo;<\/a><\/p>\n","protected":false},"author":1,"featured_media":0,"parent":0,"menu_order":0,"comment_status":"closed","ping_status":"closed","template":"","meta":{"site-sidebar-layout":"no-sidebar","site-content-layout":"page-builder","ast-main-header-display":"","ast-hfb-above-header-display":"","ast-hfb-below-header-display":"","ast-hfb-mobile-header-display":"","site-post-title":"disabled","ast-breadcrumbs-content":"","ast-featured-img":"disabled","footer-sml-layout":"","theme-transparent-header-meta":"default","adv-header-id-meta":"","stick-header-meta":"","header-above-stick-meta":"","header-main-stick-meta":"","header-below-stick-meta":""},"_links":{"self":[{"href":"https:\/\/forskolanflygandemattan.se\/index.php?rest_route=\/wp\/v2\/pages\/1144"}],"collection":[{"href":"https:\/\/forskolanflygandemattan.se\/index.php?rest_route=\/wp\/v2\/pages"}],"about":[{"href":"https:\/\/forskolanflygandemattan.se\/index.php?rest_route=\/wp\/v2\/types\/page"}],"author":[{"embeddable":true,"href":"https:\/\/forskolanflygandemattan.se\/index.php?rest_route=\/wp\/v2\/users\/1"}],"replies":[{"embeddable":true,"href":"https:\/\/forskolanflygandemattan.se\/index.php?rest_route=%2Fwp%2Fv2%2Fcomments&post=1144"}],"version-history":[{"count":14,"href":"https:\/\/forskolanflygandemattan.se\/index.php?rest_route=\/wp\/v2\/pages\/1144\/revisions"}],"predecessor-version":[{"id":1912,"href":"https:\/\/forskolanflygandemattan.se\/index.php?rest_route=\/wp\/v2\/pages\/1144\/revisions\/1912"}],"wp:attachment":[{"href":"https:\/\/forskolanflygandemattan.se\/index.php?rest_route=%2Fwp%2Fv2%2Fmedia&parent=1144"}],"curies":[{"name":"wp","href":"https:\/\/api.w.org\/{rel}","templated":true}]}}